{"id":811,"date":"2022-02-11T11:37:51","date_gmt":"2022-02-11T11:37:51","guid":{"rendered":"https:\/\/sreig.se\/?page_id=811"},"modified":"2022-06-09T18:02:00","modified_gmt":"2022-06-09T18:02:00","slug":"styrelse","status":"publish","type":"page","link":"https:\/\/sreig.se\/en\/styrelse\/","title":{"rendered":"Board"},"content":{"rendered":"<div data-elementor-type=\"wp-page\" data-elementor-id=\"811\" class=\"elementor elementor-811\">\n\t\t\t\t\t\t\t\t\t<section class=\"elementor-section elementor-top-section elementor-element elementor-element-c9d930e elementor-section-boxed elementor-section-height-default elementor-section-height-default\" data-id=\"c9d930e\" data-element_type=\"section\" data-settings=\"{&quot;background_background&quot;:&quot;classic&quot;}\">\n\t\t\t\t\t\t\t<div class=\"elementor-background-overlay\"><\/div>\n\t\t\t\t\t\t\t<div class=\"elementor-container elementor-column-gap-default\">\n\t\t\t\t\t<div class=\"elementor-column elementor-col-100 elementor-top-column elementor-element elementor-element-a9d68c6\" data-id=\"a9d68c6\" data-element_type=\"column\">\n\t\t\t<div class=\"elementor-widget-wrap elementor-element-populated\">\n\t\t\t\t\t\t\t\t<section class=\"elementor-section elementor-inner-section elementor-element elementor-element-3759099 elementor-section-boxed elementor-section-height-default elementor-section-height-default\" data-id=\"3759099\" data-element_type=\"section\">\n\t\t\t\t\t\t<div class=\"elementor-container elementor-column-gap-default\">\n\t\t\t\t\t<div class=\"elementor-column elementor-col-50 elementor-inner-column elementor-element elementor-element-9402fa7\" data-id=\"9402fa7\" data-element_type=\"column\">\n\t\t\t<div class=\"elementor-widget-wrap elementor-element-populated\">\n\t\t\t\t\t\t\t\t<div class=\"elementor-element elementor-element-f96ae92 elementor-widget elementor-widget-heading\" data-id=\"f96ae92\" data-element_type=\"widget\" data-widget_type=\"heading.default\">\n\t\t\t\t<div class=\"elementor-widget-container\">\n\t\t\t<style>\/*! elementor - v3.8.0 - 30-10-2022 *\/\n.elementor-heading-title{padding:0;margin:0;line-height:1}.elementor-widget-heading .elementor-heading-title[class*=elementor-size-]>a{color:inherit;font-size:inherit;line-height:inherit}.elementor-widget-heading .elementor-heading-title.elementor-size-small{font-size:15px}.elementor-widget-heading .elementor-heading-title.elementor-size-medium{font-size:19px}.elementor-widget-heading .elementor-heading-title.elementor-size-large{font-size:29px}.elementor-widget-heading .elementor-heading-title.elementor-size-xl{font-size:39px}.elementor-widget-heading .elementor-heading-title.elementor-size-xxl{font-size:59px}<\/style><h1 class=\"elementor-heading-title elementor-size-default\">Board<\/h1>\t\t<\/div>\n\t\t\t\t<\/div>\n\t\t\t\t\t<\/div>\n\t\t<\/div>\n\t\t\t\t<div class=\"elementor-column elementor-col-50 elementor-inner-column elementor-element elementor-element-3bfcd93\" data-id=\"3bfcd93\" data-element_type=\"column\">\n\t\t\t<div class=\"elementor-widget-wrap\">\n\t\t\t\t\t\t\t\t\t<\/div>\n\t\t<\/div>\n\t\t\t\t\t\t\t<\/div>\n\t\t<\/section>\n\t\t\t\t\t<\/div>\n\t\t<\/div>\n\t\t\t\t\t\t\t<\/div>\n\t\t<\/section>\n\t\t\t\t<section class=\"elementor-section elementor-top-section elementor-element elementor-element-5274a45 elementor-section-boxed elementor-section-height-default elementor-section-height-default\" data-id=\"5274a45\" data-element_type=\"section\" data-settings=\"{&quot;background_background&quot;:&quot;classic&quot;}\">\n\t\t\t\t\t\t<div class=\"elementor-container elementor-column-gap-default\">\n\t\t\t\t\t<div class=\"elementor-column elementor-col-100 elementor-top-column elementor-element elementor-element-30e1ab3\" data-id=\"30e1ab3\" data-element_type=\"column\">\n\t\t\t<div class=\"elementor-widget-wrap elementor-element-populated\">\n\t\t\t\t\t\t\t\t<section class=\"elementor-section elementor-inner-section elementor-element elementor-element-29fbad9 elementor-section-boxed elementor-section-height-default elementor-section-height-default\" data-id=\"29fbad9\" data-element_type=\"section\">\n\t\t\t\t\t\t<div class=\"elementor-container elementor-column-gap-default\">\n\t\t\t\t\t<div class=\"elementor-column elementor-col-50 elementor-inner-column elementor-element elementor-element-1a973ec\" data-id=\"1a973ec\" data-element_type=\"column\">\n\t\t\t<div class=\"elementor-widget-wrap elementor-element-populated\">\n\t\t\t\t\t\t\t\t<div class=\"elementor-element elementor-element-1f3aa4a elementor-widget elementor-widget-heading\" data-id=\"1f3aa4a\" data-element_type=\"widget\" data-widget_type=\"heading.default\">\n\t\t\t\t<div class=\"elementor-widget-container\">\n\t\t\t<h2 class=\"elementor-heading-title elementor-size-default\">The board<\/h2>\t\t<\/div>\n\t\t\t\t<\/div>\n\t\t\t\t<div class=\"elementor-element elementor-element-6b8af30 elementor-widget elementor-widget-text-editor\" data-id=\"6b8af30\" data-element_type=\"widget\" data-widget_type=\"text-editor.default\">\n\t\t\t\t<div class=\"elementor-widget-container\">\n\t\t\t<style>\/*! elementor - v3.8.0 - 30-10-2022 *\/\n.elementor-widget-text-editor.elementor-drop-cap-view-stacked .elementor-drop-cap{background-color:#818a91;color:#fff}.elementor-widget-text-editor.elementor-drop-cap-view-framed .elementor-drop-cap{color:#818a91;border:3px solid;background-color:transparent}.elementor-widget-text-editor:not(.elementor-drop-cap-view-default) .elementor-drop-cap{margin-top:8px}.elementor-widget-text-editor:not(.elementor-drop-cap-view-default) .elementor-drop-cap-letter{width:1em;height:1em}.elementor-widget-text-editor .elementor-drop-cap{float:left;text-align:center;line-height:1;font-size:50px}.elementor-widget-text-editor .elementor-drop-cap-letter{display:inline-block}<\/style>\t\t\t\t<ul><li>Mats \u00c5leskog, <i>Chairman of the Board<\/i>e\u00a0<strong><a href=\"https:\/\/sreig.se\/en\/our-team\/#Mats#Mats\">[Read more]<\/a><\/strong><\/li><li>Jan-Christoph Norlander,\u00a0<i>member and CEO<\/i>\u00a0<strong><a href=\"https:\/\/sreig.se\/en\/our-team\/#JC#JC\">[Read more]<\/a>\u00a0<\/strong><\/li><li>Gustav Hanstad,\u00a0<i>member<\/i><strong><i>\u00a0<\/i><a href=\"https:\/\/sreig.se\/en\/our-team\/#Gustav#Gustav\">[Read more]\u00a0<\/a><\/strong><\/li><\/ul>\t\t\t\t\t\t<\/div>\n\t\t\t\t<\/div>\n\t\t\t\t<div class=\"elementor-element elementor-element-e2aa281 elementor-widget elementor-widget-heading\" data-id=\"e2aa281\" data-element_type=\"widget\" data-widget_type=\"heading.default\">\n\t\t\t\t<div class=\"elementor-widget-container\">\n\t\t\t<h2 class=\"elementor-heading-title elementor-size-default\">The work of the board <\/h2>\t\t<\/div>\n\t\t\t\t<\/div>\n\t\t\t\t<div class=\"elementor-element elementor-element-2009c13 elementor-widget elementor-widget-text-editor\" data-id=\"2009c13\" data-element_type=\"widget\" data-widget_type=\"text-editor.default\">\n\t\t\t\t<div class=\"elementor-widget-container\">\n\t\t\t\t\t\t\t<p>The board is overall responsible for the company's operations and that this is conducted in accordance with applicable laws, regulations and articles of association. The board is tasked with adopting and following up on the goals and strategy that shall apply to the company's operations. The board must also decide on matters of a material nature, for example regarding a specific investment for a specific fund. The board must ensure that the company's organization is designed so that fund management is controlled in a reassuring manner that ensures fair treatment of the company's investors.<\/p>\t\t\t\t\t\t<\/div>\n\t\t\t\t<\/div>\n\t\t\t\t\t<\/div>\n\t\t<\/div>\n\t\t\t\t<div class=\"elementor-column elementor-col-50 elementor-inner-column elementor-element elementor-element-8392b9b\" data-id=\"8392b9b\" data-element_type=\"column\">\n\t\t\t<div class=\"elementor-widget-wrap\">\n\t\t\t\t\t\t\t\t\t<\/div>\n\t\t<\/div>\n\t\t\t\t\t\t\t<\/div>\n\t\t<\/section>\n\t\t\t\t\t<\/div>\n\t\t<\/div>\n\t\t\t\t\t\t\t<\/div>\n\t\t<\/section>\n\t\t\t\t\t\t\t<\/div>","protected":false},"excerpt":{"rendered":"<p>Styrelse Styrelsen Mats \u00c5leskog, styrelsens ordf\u00f6rande\u00a0[l\u00e4s mer] Jan-Christoph Norlander,\u00a0ledamot och VD\u00a0[l\u00e4s mer]\u00a0 Gustav Hanstad,\u00a0ledamot\u00a0[l\u00e4s mer]\u00a0 Styrelsens arbete Styrelsen \u00e4r \u00f6vergripande ansvarig f\u00f6r bolagets verksamhet och att denna bedrivs i enlighet med till\u00e4mpliga lagar, f\u00f6rordningar och bolagsordning. Styrelsen har till uppgift att anta och f\u00f6lja upp de m\u00e5l och den strategi som ska g\u00e4lla f\u00f6r bolagets &hellip;<\/p>\n<p class=\"read-more\"> <a class=\"\" href=\"https:\/\/sreig.se\/en\/styrelse\/\"> <span class=\"screen-reader-text\">Board<\/span> Read More &raquo;<\/a><\/p>","protected":false},"author":1,"featured_media":0,"parent":0,"menu_order":0,"comment_status":"closed","ping_status":"closed","template":"","meta":{"site-sidebar-layout":"no-sidebar","site-content-layout":"page-builder","ast-global-header-display":"","ast-main-header-display":"","ast-hfb-above-header-display":"","ast-hfb-below-header-display":"","ast-hfb-mobile-header-display":"","site-post-title":"disabled","ast-breadcrumbs-content":"","ast-featured-img":"disabled","footer-sml-layout":"","theme-transparent-header-meta":"enabled","adv-header-id-meta":"","stick-header-meta":"","header-above-stick-meta":"","header-main-stick-meta":"","header-below-stick-meta":"","footnotes":""},"class_list":["post-811","page","type-page","status-publish","hentry"],"_links":{"self":[{"href":"https:\/\/sreig.se\/en\/wp-json\/wp\/v2\/pages\/811","targetHints":{"allow":["GET"]}}],"collection":[{"href":"https:\/\/sreig.se\/en\/wp-json\/wp\/v2\/pages"}],"about":[{"href":"https:\/\/sreig.se\/en\/wp-json\/wp\/v2\/types\/page"}],"author":[{"embeddable":true,"href":"https:\/\/sreig.se\/en\/wp-json\/wp\/v2\/users\/1"}],"replies":[{"embeddable":true,"href":"https:\/\/sreig.se\/en\/wp-json\/wp\/v2\/comments?post=811"}],"version-history":[{"count":131,"href":"https:\/\/sreig.se\/en\/wp-json\/wp\/v2\/pages\/811\/revisions"}],"predecessor-version":[{"id":3930,"href":"https:\/\/sreig.se\/en\/wp-json\/wp\/v2\/pages\/811\/revisions\/3930"}],"wp:attachment":[{"href":"https:\/\/sreig.se\/en\/wp-json\/wp\/v2\/media?parent=811"}],"curies":[{"name":"wp","href":"https:\/\/api.w.org\/{rel}","templated":true}]}}