{"id":583,"date":"2022-02-02T08:20:00","date_gmt":"2022-02-02T08:20:00","guid":{"rendered":"https:\/\/sreig.se\/?page_id=583"},"modified":"2022-04-11T16:35:30","modified_gmt":"2022-04-11T16:35:30","slug":"investor-relations","status":"publish","type":"page","link":"https:\/\/sreig.se\/en\/investor-relations\/","title":{"rendered":"Investors"},"content":{"rendered":"<div data-elementor-type=\"wp-page\" data-elementor-id=\"583\" class=\"elementor elementor-583\">\n\t\t\t\t\t\t\t\t\t<section class=\"elementor-section elementor-top-section elementor-element elementor-element-pgbto94 elementor-section-boxed elementor-section-height-default elementor-section-height-default\" data-id=\"pgbto94\" data-element_type=\"section\" data-settings=\"{&quot;background_background&quot;:&quot;classic&quot;}\">\n\t\t\t\t\t\t\t<div class=\"elementor-background-overlay\"><\/div>\n\t\t\t\t\t\t\t<div class=\"elementor-container elementor-column-gap-default\">\n\t\t\t\t\t<div class=\"elementor-column elementor-col-100 elementor-top-column elementor-element elementor-element-1053ca7a\" data-id=\"1053ca7a\" data-element_type=\"column\">\n\t\t\t<div class=\"elementor-widget-wrap elementor-element-populated\">\n\t\t\t\t\t\t\t\t<section class=\"elementor-section elementor-inner-section elementor-element elementor-element-fae3254 elementor-section-boxed elementor-section-height-default elementor-section-height-default\" data-id=\"fae3254\" data-element_type=\"section\">\n\t\t\t\t\t\t<div class=\"elementor-container elementor-column-gap-default\">\n\t\t\t\t\t<div class=\"elementor-column elementor-col-50 elementor-inner-column elementor-element elementor-element-15b1acb\" data-id=\"15b1acb\" data-element_type=\"column\">\n\t\t\t<div class=\"elementor-widget-wrap elementor-element-populated\">\n\t\t\t\t\t\t\t\t<div class=\"elementor-element elementor-element-3d99e122 elementor-widget elementor-widget-heading\" data-id=\"3d99e122\" data-element_type=\"widget\" data-widget_type=\"heading.default\">\n\t\t\t\t<div class=\"elementor-widget-container\">\n\t\t\t<style>\/*! elementor - v3.8.0 - 30-10-2022 *\/\n.elementor-heading-title{padding:0;margin:0;line-height:1}.elementor-widget-heading .elementor-heading-title[class*=elementor-size-]>a{color:inherit;font-size:inherit;line-height:inherit}.elementor-widget-heading .elementor-heading-title.elementor-size-small{font-size:15px}.elementor-widget-heading .elementor-heading-title.elementor-size-medium{font-size:19px}.elementor-widget-heading .elementor-heading-title.elementor-size-large{font-size:29px}.elementor-widget-heading .elementor-heading-title.elementor-size-xl{font-size:39px}.elementor-widget-heading .elementor-heading-title.elementor-size-xxl{font-size:59px}<\/style><h1 class=\"elementor-heading-title elementor-size-default\">Investor Relations<\/h1>\t\t<\/div>\n\t\t\t\t<\/div>\n\t\t\t\t\t<\/div>\n\t\t<\/div>\n\t\t\t\t<div class=\"elementor-column elementor-col-50 elementor-inner-column elementor-element elementor-element-a41b4e9\" data-id=\"a41b4e9\" data-element_type=\"column\">\n\t\t\t<div class=\"elementor-widget-wrap\">\n\t\t\t\t\t\t\t\t\t<\/div>\n\t\t<\/div>\n\t\t\t\t\t\t\t<\/div>\n\t\t<\/section>\n\t\t\t\t\t<\/div>\n\t\t<\/div>\n\t\t\t\t\t\t\t<\/div>\n\t\t<\/section>\n\t\t\t\t<section class=\"elementor-section elementor-top-section elementor-element elementor-element-3bbb89c elementor-section-boxed elementor-section-height-default elementor-section-height-default\" data-id=\"3bbb89c\" data-element_type=\"section\">\n\t\t\t\t\t\t<div class=\"elementor-container elementor-column-gap-default\">\n\t\t\t\t\t<div class=\"elementor-column elementor-col-50 elementor-top-column elementor-element elementor-element-0e550fc\" data-id=\"0e550fc\" data-element_type=\"column\">\n\t\t\t<div class=\"elementor-widget-wrap elementor-element-populated\">\n\t\t\t\t\t\t\t\t<div class=\"elementor-element elementor-element-f68caf7 elementor-widget elementor-widget-heading\" data-id=\"f68caf7\" data-element_type=\"widget\" data-widget_type=\"heading.default\">\n\t\t\t\t<div class=\"elementor-widget-container\">\n\t\t\t<h3 class=\"elementor-heading-title elementor-size-default\">General information about our funds <\/h3>\t\t<\/div>\n\t\t\t\t<\/div>\n\t\t\t\t<div class=\"elementor-element elementor-element-f454972 elementor-widget elementor-widget-text-editor\" data-id=\"f454972\" data-element_type=\"widget\" data-widget_type=\"text-editor.default\">\n\t\t\t\t<div class=\"elementor-widget-container\">\n\t\t\t<style>\/*! elementor - v3.8.0 - 30-10-2022 *\/\n.elementor-widget-text-editor.elementor-drop-cap-view-stacked .elementor-drop-cap{background-color:#818a91;color:#fff}.elementor-widget-text-editor.elementor-drop-cap-view-framed .elementor-drop-cap{color:#818a91;border:3px solid;background-color:transparent}.elementor-widget-text-editor:not(.elementor-drop-cap-view-default) .elementor-drop-cap{margin-top:8px}.elementor-widget-text-editor:not(.elementor-drop-cap-view-default) .elementor-drop-cap-letter{width:1em;height:1em}.elementor-widget-text-editor .elementor-drop-cap{float:left;text-align:center;line-height:1;font-size:50px}.elementor-widget-text-editor .elementor-drop-cap-letter{display:inline-block}<\/style>\t\t\t\t<p class=\" translation-block\">Scandinavian Real Estate Investment Group AB (SREIG) has been registered as a manager of alternative investment funds since 2022 in accordance with the Alternative Investment Funds Act (LAIF). SREIG F\u00f6rvaltning AB is under the supervision of Finansinspektionen. Investors in the funds are Swedish and northern European institutions, pension companies and insurance companies.<\/p>\t\t\t\t\t\t<\/div>\n\t\t\t\t<\/div>\n\t\t\t\t<div class=\"elementor-element elementor-element-9b3a101 elementor-widget elementor-widget-heading\" data-id=\"9b3a101\" data-element_type=\"widget\" data-widget_type=\"heading.default\">\n\t\t\t\t<div class=\"elementor-widget-container\">\n\t\t\t<h3 class=\"elementor-heading-title elementor-size-default\">Information on financial leverage <\/h3>\t\t<\/div>\n\t\t\t\t<\/div>\n\t\t\t\t<div class=\"elementor-element elementor-element-33158d8 elementor-widget elementor-widget-text-editor\" data-id=\"33158d8\" data-element_type=\"widget\" data-widget_type=\"text-editor.default\">\n\t\t\t\t<div class=\"elementor-widget-container\">\n\t\t\t\t\t\t\t<p><span class=\"TextRun SCXW68240308 BCX0\" lang=\"SV-SE\" xml:lang=\"SV-SE\" data-contrast=\"auto\"><span class=\"SpellingError SCXW68240308 BCX0\" data-ccp-parastyle=\"Normal (Web)\">SREIG<\/span><span class=\"SpellingError SCXW68240308 BCX0\" data-ccp-parastyle=\"Normal (Web)\">s<\/span><span class=\"NormalTextRun SCXW68240308 BCX0\" data-ccp-parastyle=\"Normal (Web)\"> funds primarily take out loans with collateral in each fund's underlying assets. The funds 'maximum permitted leverage is stated in the shareholders' agreement in force at any given time. Current borrowing is stated in the interim report. Investors who want further information regarding mortgages, collateral and leverage are welcome to contact <\/span><span class=\"NormalTextRun SCXW68240308 BCX0\" data-ccp-parastyle=\"Normal (Web)\">the Board of Directors for further discussions.<\/span><\/span><span class=\"EOP SCXW68240308 BCX0\" data-ccp-props=\"{&quot;134233117&quot;:true,&quot;134233118&quot;:true,&quot;201341983&quot;:0,&quot;335559739&quot;:240,&quot;335559740&quot;:240}\">\u00a0<\/span><\/p>\t\t\t\t\t\t<\/div>\n\t\t\t\t<\/div>\n\t\t\t\t<div class=\"elementor-element elementor-element-1c4c01d elementor-widget elementor-widget-heading\" data-id=\"1c4c01d\" data-element_type=\"widget\" data-widget_type=\"heading.default\">\n\t\t\t\t<div class=\"elementor-widget-container\">\n\t\t\t<h3 class=\"elementor-heading-title elementor-size-default\">Management of conflicts of interest <\/h3>\t\t<\/div>\n\t\t\t\t<\/div>\n\t\t\t\t<div class=\"elementor-element elementor-element-4f9b245 elementor-widget elementor-widget-text-editor\" data-id=\"4f9b245\" data-element_type=\"widget\" data-widget_type=\"text-editor.default\">\n\t\t\t\t<div class=\"elementor-widget-container\">\n\t\t\t\t\t\t\t<p><span class=\"TextRun SCXW3935920 BCX0\" lang=\"SV-SE\" xml:lang=\"SV-SE\" data-contrast=\"auto\"><span class=\"NormalTextRun SCXW3935920 BCX0\" data-ccp-parastyle=\"Normal (Web)\">SREIG<\/span><span class=\"NormalTextRun SCXW3935920 BCX0\" data-ccp-parastyle=\"Normal (Web)\"> AB has an overall responsibility to identify and manage conflicts of interest that may arise in the business. <\/span><span class=\"NormalTextRun SCXW3935920 BCX0\" data-ccp-parastyle=\"Normal (Web)\">The funds continuously report their development and<\/span><span class=\"NormalTextRun SCXW3935920 BCX0\" data-ccp-parastyle=\"Normal (Web)\">the company has adopted an instruction for <\/span><\/span><span class=\"TextRun SCXW3935920 BCX0\" lang=\"SV-SE\" xml:lang=\"SV-SE\" data-contrast=\"auto\"><span class=\"NormalTextRun SCXW3935920 BCX0\" data-ccp-parastyle=\"Normal (Web)\">management of conflicts of interest<\/span><\/span><span class=\"TextRun SCXW3935920 BCX0\" lang=\"SV-SE\" xml:lang=\"SV-SE\" data-contrast=\"auto\"><span class=\"NormalTextRun SCXW3935920 BCX0\" data-ccp-parastyle=\"Normal (Web)\">Investors who want further information on managing conflicts of interest are welcome to contact <\/span><span class=\"NormalTextRun SCXW3935920 BCX0\" data-ccp-parastyle=\"Normal (Web)\">the Board of Directors for further discussions.<\/span><\/span><span class=\"EOP SCXW3935920 BCX0\" data-ccp-props=\"{\">\u00a0<\/span><\/p>\t\t\t\t\t\t<\/div>\n\t\t\t\t<\/div>\n\t\t\t\t<div class=\"elementor-element elementor-element-bb7fda3 elementor-widget elementor-widget-heading\" data-id=\"bb7fda3\" data-element_type=\"widget\" data-widget_type=\"heading.default\">\n\t\t\t\t<div class=\"elementor-widget-container\">\n\t\t\t<h3 class=\"elementor-heading-title elementor-size-default\">The company's strategy for exercising voting rights <\/h3>\t\t<\/div>\n\t\t\t\t<\/div>\n\t\t\t\t<div class=\"elementor-element elementor-element-97d565c elementor-widget elementor-widget-text-editor\" data-id=\"97d565c\" data-element_type=\"widget\" data-widget_type=\"text-editor.default\">\n\t\t\t\t<div class=\"elementor-widget-container\">\n\t\t\t\t\t\t\t<p><span class=\"TextRun SCXW160760996 BCX0\" lang=\"SV-SE\" xml:lang=\"SV-SE\" data-contrast=\"auto\"><span class=\"NormalTextRun SCXW160760996 BCX0\" data-ccp-parastyle=\"Normal (Web)\">For each of <\/span><span class=\"NormalTextRun SCXW160760996 BCX0\" data-ccp-parastyle=\"Normal (Web)\">the company <\/span><span class=\"NormalTextRun SCXW160760996 BCX0\" data-ccp-parastyle=\"Normal (Web)\">funds, voting rights will be exercised in the common interest of investors<\/span><span class=\"NormalTextRun SCXW160760996 BCX0\" data-ccp-parastyle=\"Normal (Web)\"> and in <\/span><span class=\"NormalTextRun SCXW160760996 BCX0\" data-ccp-parastyle=\"Normal (Web)\">in accordance with the objectives and investment orientation of the funds. Investors who want further information are welcome to contact <\/span><span class=\"NormalTextRun SCXW160760996 BCX0\" data-ccp-parastyle=\"Normal (Web)\">the Board of Directors for further discussions.<\/span><\/span><span class=\"EOP SCXW160760996 BCX0\" data-ccp-props=\"{&quot;134233117&quot;:true,&quot;134233118&quot;:true,&quot;201341983&quot;:0,&quot;335559739&quot;:240,&quot;335559740&quot;:240}\">\u00a0<\/span><\/p>\t\t\t\t\t\t<\/div>\n\t\t\t\t<\/div>\n\t\t\t\t<div class=\"elementor-element elementor-element-cb88b5d elementor-widget elementor-widget-qi_addons_for_elementor_button\" data-id=\"cb88b5d\" data-element_type=\"widget\" data-widget_type=\"qi_addons_for_elementor_button.default\">\n\t\t\t\t<div class=\"elementor-widget-container\">\n\t\t\t<a class=\"qodef-shortcode qodef-m  qodef-qi-button qodef-html--link qodef-layout--outlined qodef-type--standard qodef-size--small  qodef-icon--left qodef-hover--icon-move-horizontal-short\" href=\"https:\/\/sreig.se\/en\/investorlogin\/\" target=\"_self\">\n\t<span class=\"qodef-m-text\">Investor Login<\/span>\n\t\t<span class=\"qodef-m-icon qodef--icon-color-set\">\n\t\t<span class=\"qodef-m-icon-inner\">\n\t\t\t<svg xmlns=\"http:\/\/www.w3.org\/2000\/svg\" viewbox=\"0 0 100.73 100.73\"><defs><style>.cls-1{fill:#29332c;}.cls-2,.cls-3{fill:#fff;}.cls-3{font-size:16.21px;font-family:ArialMT, Arial;letter-spacing:0.15em;}<\/style><\/defs><g id=\"Layer_2\" data-name=\"Layer 2\"><g id=\"Layer_1-2\" data-name=\"Layer 1\"><rect class=\"cls-1\" width=\"100.73\" height=\"100.73\"\/><path class=\"cls-2\" d=\"M71.3,45.71q-4.23-2.13-19.84-2.59c-8.87-.27-14.2-.8-16-1.56s-2.56-2.63-2.68-5.73c-.23-8.9,6.79-7.58,10.63-7.58,6.39,0,11.59.08,18.46.41,5.51.27,4.95,7.17,4.95,7.17h7.49l.13-11.53a.85.85,0,0,0-.49-.77L50.07,12.92a.81.81,0,0,0-.74,0L39.7,17.47a.24.24,0,0,1-.35-.22V15.4H28.58v6.85c0,.54.06.53-.41.73l-2.54.8c-.26.16-.29.44-.29.75l.24,11.3h0c0,7.17,5.66,11.16,17,11.68l7.44.25,7.82.26q6.46.25,8.49,1.58c1.35.89,2,2.66,2,5.33q0,6.16-3,7.59T49.41,64q-11.29,0-14-1.43t-2.74-7.27V54.16H25.15l.05,2q0,7.23,4.77,9.61t19.2,2.39q16.62,0,21.49-2.37t4.87-10.43Q75.53,47.86,71.3,45.71Z\"\/><text class=\"cls-3\" transform=\"translate(26.6 85.16)\">REIG<\/text><\/g><\/g><\/svg>\t\t\t\t\t<\/span>\n\t<\/span>\n<\/a>\n\t\t<\/div>\n\t\t\t\t<\/div>\n\t\t\t\t\t<\/div>\n\t\t<\/div>\n\t\t\t\t<div class=\"elementor-column elementor-col-50 elementor-top-column elementor-element elementor-element-be5c373\" data-id=\"be5c373\" data-element_type=\"column\">\n\t\t\t<div class=\"elementor-widget-wrap elementor-element-populated\">\n\t\t\t\t\t\t\t\t<div class=\"elementor-element elementor-element-e4fb881 elementor-hidden-mobile elementor-widget elementor-widget-image\" data-id=\"e4fb881\" data-element_type=\"widget\" data-widget_type=\"image.default\">\n\t\t\t\t<div class=\"elementor-widget-container\">\n\t\t\t<style>\/*! elementor - v3.8.0 - 30-10-2022 *\/\n.elementor-widget-image{text-align:center}.elementor-widget-image a{display:inline-block}.elementor-widget-image a img[src$=\".svg\"]{width:48px}.elementor-widget-image img{vertical-align:middle;display:inline-block}<\/style>\t\t\t\t\t\t\t\t\t\t\t\t<img decoding=\"async\" src=\"https:\/\/sreig.se\/wp-content\/uploads\/elementor\/thumbs\/pexels-micael-widell-720737-scaled-plusbljg3nvayozwdowzolew85z078azwla90sf478.jpg\" title=\"pexels-micael-widell-720737\" alt=\"pexels-micael-widell-720737\" \/>\t\t\t\t\t\t\t\t\t\t\t\t\t\t\t<\/div>\n\t\t\t\t<\/div>\n\t\t\t\t\t<\/div>\n\t\t<\/div>\n\t\t\t\t\t\t\t<\/div>\n\t\t<\/section>\n\t\t\t\t\t\t\t<\/div>","protected":false},"excerpt":{"rendered":"<p>Investor Relations Allm\u00e4n information om v\u00e5ra fonder Scandinavian Real Estate Investment Group AB (SREIG) \u00e4r sedan 2022 registrerade som f\u00f6rvaltare av alternativa investeringsfonder enligt Lagen om Alternativa Investeringsfonder (LAIF). SREIG F\u00f6rvaltning AB st\u00e5r under Finansinspektionens tillsyn. Investerare i fonderna \u00e4r svenska och nordeuropeiska institutioner, pensionsbolag och f\u00f6rs\u00e4kringsbolag.\u00a0 Information om finansiell h\u00e4vst\u00e5ng SREIGs fonder upptar prim\u00e4rt &hellip;<\/p>\n<p class=\"read-more\"> <a class=\"\" href=\"https:\/\/sreig.se\/en\/investor-relations\/\"> <span class=\"screen-reader-text\">Investors<\/span> Read More &raquo;<\/a><\/p>","protected":false},"author":1,"featured_media":0,"parent":0,"menu_order":0,"comment_status":"closed","ping_status":"closed","template":"","meta":{"site-sidebar-layout":"no-sidebar","site-content-layout":"page-builder","ast-global-header-display":"","ast-main-header-display":"","ast-hfb-above-header-display":"","ast-hfb-below-header-display":"","ast-hfb-mobile-header-display":"","site-post-title":"disabled","ast-breadcrumbs-content":"","ast-featured-img":"disabled","footer-sml-layout":"","theme-transparent-header-meta":"enabled","adv-header-id-meta":"","stick-header-meta":"","header-above-stick-meta":"","header-main-stick-meta":"","header-below-stick-meta":"","footnotes":""},"class_list":["post-583","page","type-page","status-publish","hentry"],"_links":{"self":[{"href":"https:\/\/sreig.se\/en\/wp-json\/wp\/v2\/pages\/583","targetHints":{"allow":["GET"]}}],"collection":[{"href":"https:\/\/sreig.se\/en\/wp-json\/wp\/v2\/pages"}],"about":[{"href":"https:\/\/sreig.se\/en\/wp-json\/wp\/v2\/types\/page"}],"author":[{"embeddable":true,"href":"https:\/\/sreig.se\/en\/wp-json\/wp\/v2\/users\/1"}],"replies":[{"embeddable":true,"href":"https:\/\/sreig.se\/en\/wp-json\/wp\/v2\/comments?post=583"}],"version-history":[{"count":225,"href":"https:\/\/sreig.se\/en\/wp-json\/wp\/v2\/pages\/583\/revisions"}],"predecessor-version":[{"id":3671,"href":"https:\/\/sreig.se\/en\/wp-json\/wp\/v2\/pages\/583\/revisions\/3671"}],"wp:attachment":[{"href":"https:\/\/sreig.se\/en\/wp-json\/wp\/v2\/media?parent=583"}],"curies":[{"name":"wp","href":"https:\/\/api.w.org\/{rel}","templated":true}]}}