{"id":2398,"date":"2022-03-02T15:32:12","date_gmt":"2022-03-02T15:32:12","guid":{"rendered":"https:\/\/sreig.se\/?page_id=2398"},"modified":"2025-04-23T11:49:10","modified_gmt":"2025-04-23T11:49:10","slug":"vara-fonder","status":"publish","type":"page","link":"https:\/\/sreig.se\/en\/vara-fonder\/","title":{"rendered":"Our funds"},"content":{"rendered":"<div data-elementor-type=\"wp-page\" data-elementor-id=\"2398\" class=\"elementor elementor-2398\">\n\t\t\t\t\t\t\t\t\t<section class=\"elementor-section elementor-top-section elementor-element elementor-element-0aa197f elementor-section-boxed elementor-section-height-default elementor-section-height-default\" data-id=\"0aa197f\" data-element_type=\"section\" data-settings=\"{&quot;background_background&quot;:&quot;classic&quot;}\">\n\t\t\t\t\t\t\t<div class=\"elementor-background-overlay\"><\/div>\n\t\t\t\t\t\t\t<div class=\"elementor-container elementor-column-gap-default\">\n\t\t\t\t\t<div class=\"elementor-column elementor-col-100 elementor-top-column elementor-element elementor-element-2b9f611\" data-id=\"2b9f611\" data-element_type=\"column\">\n\t\t\t<div class=\"elementor-widget-wrap elementor-element-populated\">\n\t\t\t\t\t\t\t\t<section class=\"elementor-section elementor-inner-section elementor-element elementor-element-4a563c8 elementor-section-boxed elementor-section-height-default elementor-section-height-default\" data-id=\"4a563c8\" data-element_type=\"section\">\n\t\t\t\t\t\t<div class=\"elementor-container elementor-column-gap-default\">\n\t\t\t\t\t<div class=\"elementor-column elementor-col-50 elementor-inner-column elementor-element elementor-element-35f4e0b\" data-id=\"35f4e0b\" data-element_type=\"column\">\n\t\t\t<div class=\"elementor-widget-wrap elementor-element-populated\">\n\t\t\t\t\t\t\t\t<div class=\"elementor-element elementor-element-5cefcdb elementor-widget elementor-widget-heading\" data-id=\"5cefcdb\" data-element_type=\"widget\" data-widget_type=\"heading.default\">\n\t\t\t\t<div class=\"elementor-widget-container\">\n\t\t\t<style>\/*! elementor - v3.8.0 - 30-10-2022 *\/\n.elementor-heading-title{padding:0;margin:0;line-height:1}.elementor-widget-heading .elementor-heading-title[class*=elementor-size-]>a{color:inherit;font-size:inherit;line-height:inherit}.elementor-widget-heading .elementor-heading-title.elementor-size-small{font-size:15px}.elementor-widget-heading .elementor-heading-title.elementor-size-medium{font-size:19px}.elementor-widget-heading .elementor-heading-title.elementor-size-large{font-size:29px}.elementor-widget-heading .elementor-heading-title.elementor-size-xl{font-size:39px}.elementor-widget-heading .elementor-heading-title.elementor-size-xxl{font-size:59px}<\/style><h1 class=\"elementor-heading-title elementor-size-default\">Our Funds<\/h1>\t\t<\/div>\n\t\t\t\t<\/div>\n\t\t\t\t\t<\/div>\n\t\t<\/div>\n\t\t\t\t<div class=\"elementor-column elementor-col-50 elementor-inner-column elementor-element elementor-element-761c364\" data-id=\"761c364\" data-element_type=\"column\">\n\t\t\t<div class=\"elementor-widget-wrap\">\n\t\t\t\t\t\t\t\t\t<\/div>\n\t\t<\/div>\n\t\t\t\t\t\t\t<\/div>\n\t\t<\/section>\n\t\t\t\t\t<\/div>\n\t\t<\/div>\n\t\t\t\t\t\t\t<\/div>\n\t\t<\/section>\n\t\t\t\t<section class=\"elementor-section elementor-top-section elementor-element elementor-element-0d0b436 elementor-section-boxed elementor-section-height-default elementor-section-height-default\" data-id=\"0d0b436\" data-element_type=\"section\">\n\t\t\t\t\t\t<div class=\"elementor-container elementor-column-gap-default\">\n\t\t\t\t\t<div class=\"elementor-column elementor-col-100 elementor-top-column elementor-element elementor-element-393e271\" data-id=\"393e271\" data-element_type=\"column\">\n\t\t\t<div class=\"elementor-widget-wrap elementor-element-populated\">\n\t\t\t\t\t\t\t\t<div class=\"elementor-element elementor-element-a9c982d elementor-widget elementor-widget-heading\" data-id=\"a9c982d\" data-element_type=\"widget\" data-widget_type=\"heading.default\">\n\t\t\t\t<div class=\"elementor-widget-container\">\n\t\t\t<h2 class=\"elementor-heading-title elementor-size-default\">Raising capital<\/h2>\t\t<\/div>\n\t\t\t\t<\/div>\n\t\t\t\t<div class=\"elementor-element elementor-element-7f49705 elementor-widget elementor-widget-text-editor\" data-id=\"7f49705\" data-element_type=\"widget\" data-widget_type=\"text-editor.default\">\n\t\t\t\t<div class=\"elementor-widget-container\">\n\t\t\t<style>\/*! elementor - v3.8.0 - 30-10-2022 *\/\n.elementor-widget-text-editor.elementor-drop-cap-view-stacked .elementor-drop-cap{background-color:#818a91;color:#fff}.elementor-widget-text-editor.elementor-drop-cap-view-framed .elementor-drop-cap{color:#818a91;border:3px solid;background-color:transparent}.elementor-widget-text-editor:not(.elementor-drop-cap-view-default) .elementor-drop-cap{margin-top:8px}.elementor-widget-text-editor:not(.elementor-drop-cap-view-default) .elementor-drop-cap-letter{width:1em;height:1em}.elementor-widget-text-editor .elementor-drop-cap{float:left;text-align:center;line-height:1;font-size:50px}.elementor-widget-text-editor .elementor-drop-cap-letter{display:inline-block}<\/style>\t\t\t\t<p>Strategi och inledande arbeten med bolagets fonder p\u00e5b\u00f6rjades v\u00e5ren 2025. Ambitionen \u00e4r att under 2026 resa kapital f\u00f6r SREIG I, en fond med fokus p\u00e5 bost\u00e4der. Samtidigt p\u00e5b\u00f6rjas arbeten med att resa SREIG II, en v\u00e4sentligt tyngre fond med fokus p\u00e5 samh\u00e4llsfastigheter. Fondernas planerade inriktning presenteras i korthet nedan.<\/p>\t\t\t\t\t\t<\/div>\n\t\t\t\t<\/div>\n\t\t\t\t\t<\/div>\n\t\t<\/div>\n\t\t\t\t\t\t\t<\/div>\n\t\t<\/section>\n\t\t\t\t<section class=\"elementor-section elementor-top-section elementor-element elementor-element-ad79e06 elementor-section-boxed elementor-section-height-default elementor-section-height-default\" data-id=\"ad79e06\" data-element_type=\"section\" data-settings=\"{&quot;background_background&quot;:&quot;classic&quot;}\">\n\t\t\t\t\t\t<div class=\"elementor-container elementor-column-gap-default\">\n\t\t\t\t\t<div class=\"elementor-column elementor-col-50 elementor-top-column elementor-element elementor-element-5ef66ef\" data-id=\"5ef66ef\" data-element_type=\"column\">\n\t\t\t<div class=\"elementor-widget-wrap elementor-element-populated\">\n\t\t\t\t\t\t\t\t<div class=\"elementor-element elementor-element-b73d951 elementor-widget elementor-widget-heading\" data-id=\"b73d951\" data-element_type=\"widget\" data-widget_type=\"heading.default\">\n\t\t\t\t<div class=\"elementor-widget-container\">\n\t\t\t<h2 class=\"elementor-heading-title elementor-size-default\">SREIG I<\/h2>\t\t<\/div>\n\t\t\t\t<\/div>\n\t\t\t\t<div class=\"elementor-element elementor-element-b72efda elementor-widget elementor-widget-text-editor\" data-id=\"b72efda\" data-element_type=\"widget\" data-widget_type=\"text-editor.default\">\n\t\t\t\t<div class=\"elementor-widget-container\">\n\t\t\t\t\t\t\t<p class=\" translation-block\">Focuses on housing in an urban environment. Through the fund, SREIG wants to develop quality housing in attractive locations, housing that at the same time leaves little impression on the climate. Developed housing environments will enrich our customers but also society at large. The fund shall be financed on the basis of fund capital combined with contributed bank capital. As a player among many others, SREIG intends to deliver a market return to the funds that contribute capital.<\/p>\t\t\t\t\t\t<\/div>\n\t\t\t\t<\/div>\n\t\t\t\t<div class=\"elementor-element elementor-element-b4a94cb elementor-widget elementor-widget-qi_addons_for_elementor_button\" data-id=\"b4a94cb\" data-element_type=\"widget\" data-widget_type=\"qi_addons_for_elementor_button.default\">\n\t\t\t\t<div class=\"elementor-widget-container\">\n\t\t\t<a class=\"qodef-shortcode qodef-m  qodef-qi-button qodef-html--link qodef-layout--outlined qodef-type--standard qodef-size--small  qodef-icon--left qodef-hover--icon-move-horizontal-short\" href=\"https:\/\/sreig.se\/en\/investorlogin\/\" target=\"_self\">\n\t<span class=\"qodef-m-text\">Investor Login<\/span>\n\t\t<span class=\"qodef-m-icon qodef--icon-color-set\">\n\t\t<span class=\"qodef-m-icon-inner\">\n\t\t\t<svg xmlns=\"http:\/\/www.w3.org\/2000\/svg\" viewbox=\"0 0 100.73 100.73\"><defs><style>.cls-1{fill:#29332c;}.cls-2,.cls-3{fill:#fff;}.cls-3{font-size:16.21px;font-family:ArialMT, Arial;letter-spacing:0.15em;}<\/style><\/defs><g id=\"Layer_2\" data-name=\"Layer 2\"><g id=\"Layer_1-2\" data-name=\"Layer 1\"><rect class=\"cls-1\" width=\"100.73\" height=\"100.73\"\/><path class=\"cls-2\" d=\"M71.3,45.71q-4.23-2.13-19.84-2.59c-8.87-.27-14.2-.8-16-1.56s-2.56-2.63-2.68-5.73c-.23-8.9,6.79-7.58,10.63-7.58,6.39,0,11.59.08,18.46.41,5.51.27,4.95,7.17,4.95,7.17h7.49l.13-11.53a.85.85,0,0,0-.49-.77L50.07,12.92a.81.81,0,0,0-.74,0L39.7,17.47a.24.24,0,0,1-.35-.22V15.4H28.58v6.85c0,.54.06.53-.41.73l-2.54.8c-.26.16-.29.44-.29.75l.24,11.3h0c0,7.17,5.66,11.16,17,11.68l7.44.25,7.82.26q6.46.25,8.49,1.58c1.35.89,2,2.66,2,5.33q0,6.16-3,7.59T49.41,64q-11.29,0-14-1.43t-2.74-7.27V54.16H25.15l.05,2q0,7.23,4.77,9.61t19.2,2.39q16.62,0,21.49-2.37t4.87-10.43Q75.53,47.86,71.3,45.71Z\"\/><text class=\"cls-3\" transform=\"translate(26.6 85.16)\">REIG<\/text><\/g><\/g><\/svg>\t\t\t\t\t<\/span>\n\t<\/span>\n<\/a>\n\t\t<\/div>\n\t\t\t\t<\/div>\n\t\t\t\t\t<\/div>\n\t\t<\/div>\n\t\t\t\t<div class=\"elementor-column elementor-col-50 elementor-top-column elementor-element elementor-element-492a258\" data-id=\"492a258\" data-element_type=\"column\">\n\t\t\t<div class=\"elementor-widget-wrap elementor-element-populated\">\n\t\t\t\t\t\t\t\t<div class=\"elementor-element elementor-element-14b893d elementor-widget elementor-widget-image\" data-id=\"14b893d\" data-element_type=\"widget\" data-widget_type=\"image.default\">\n\t\t\t\t<div class=\"elementor-widget-container\">\n\t\t\t<style>\/*! elementor - v3.8.0 - 30-10-2022 *\/\n.elementor-widget-image{text-align:center}.elementor-widget-image a{display:inline-block}.elementor-widget-image a img[src$=\".svg\"]{width:48px}.elementor-widget-image img{vertical-align:middle;display:inline-block}<\/style>\t\t\t\t\t\t\t\t\t\t\t\t<img loading=\"lazy\" decoding=\"async\" width=\"2560\" height=\"1920\" src=\"https:\/\/sreig.se\/wp-content\/uploads\/2022\/02\/rick-jack-iL2zOIlZNGg-unsplash-scaled.jpg\" class=\"attachment-full size-full\" alt=\"\" srcset=\"https:\/\/sreig.se\/wp-content\/uploads\/2022\/02\/rick-jack-iL2zOIlZNGg-unsplash-scaled.jpg 2560w, https:\/\/sreig.se\/wp-content\/uploads\/2022\/02\/rick-jack-iL2zOIlZNGg-unsplash-300x225.jpg 300w, https:\/\/sreig.se\/wp-content\/uploads\/2022\/02\/rick-jack-iL2zOIlZNGg-unsplash-1024x768.jpg 1024w, https:\/\/sreig.se\/wp-content\/uploads\/2022\/02\/rick-jack-iL2zOIlZNGg-unsplash-768x576.jpg 768w, https:\/\/sreig.se\/wp-content\/uploads\/2022\/02\/rick-jack-iL2zOIlZNGg-unsplash-1536x1152.jpg 1536w, https:\/\/sreig.se\/wp-content\/uploads\/2022\/02\/rick-jack-iL2zOIlZNGg-unsplash-2048x1536.jpg 2048w\" sizes=\"auto, (max-width: 2560px) 100vw, 2560px\" \/>\t\t\t\t\t\t\t\t\t\t\t\t\t\t\t<\/div>\n\t\t\t\t<\/div>\n\t\t\t\t\t<\/div>\n\t\t<\/div>\n\t\t\t\t\t\t\t<\/div>\n\t\t<\/section>\n\t\t\t\t<section class=\"elementor-section elementor-top-section elementor-element elementor-element-4107075 elementor-section-boxed elementor-section-height-default elementor-section-height-default\" data-id=\"4107075\" data-element_type=\"section\" data-settings=\"{&quot;background_background&quot;:&quot;classic&quot;}\">\n\t\t\t\t\t\t<div class=\"elementor-container elementor-column-gap-default\">\n\t\t\t\t\t<div class=\"elementor-column elementor-col-50 elementor-top-column elementor-element elementor-element-393ebb0\" data-id=\"393ebb0\" data-element_type=\"column\">\n\t\t\t<div class=\"elementor-widget-wrap elementor-element-populated\">\n\t\t\t\t\t\t\t\t<div class=\"elementor-element elementor-element-ee3e850 elementor-widget elementor-widget-heading\" data-id=\"ee3e850\" data-element_type=\"widget\" data-widget_type=\"heading.default\">\n\t\t\t\t<div class=\"elementor-widget-container\">\n\t\t\t<h2 class=\"elementor-heading-title elementor-size-default\">SREIG II<\/h2>\t\t<\/div>\n\t\t\t\t<\/div>\n\t\t\t\t<div class=\"elementor-element elementor-element-b296ea8 elementor-widget elementor-widget-text-editor\" data-id=\"b296ea8\" data-element_type=\"widget\" data-widget_type=\"text-editor.default\">\n\t\t\t\t<div class=\"elementor-widget-container\">\n\t\t\t\t\t\t\t<p class=\" translation-block\">Focuses on major community building projects and offers adapted financial arrangements to the state, municipalities and county councils. The deal is long-term and the benefit to society is financed on the basis of pension capital and in appropriate parts contributed bank capital. Project development and management are carried out exclusively on an ongoing basis for an agreed fee. The deal must be long-term and all forms of fund fees, levers and splits will be absent. Efficient procurement, experienced project management and knowledgeable management contribute to good business for users, while there is room for a good return for investors.<\/p>\t\t\t\t\t\t<\/div>\n\t\t\t\t<\/div>\n\t\t\t\t<div class=\"elementor-element elementor-element-a5b3b2c elementor-widget elementor-widget-qi_addons_for_elementor_button\" data-id=\"a5b3b2c\" data-element_type=\"widget\" data-widget_type=\"qi_addons_for_elementor_button.default\">\n\t\t\t\t<div class=\"elementor-widget-container\">\n\t\t\t<a class=\"qodef-shortcode qodef-m  qodef-qi-button qodef-html--link qodef-layout--outlined qodef-type--standard qodef-size--small  qodef-icon--left qodef-hover--icon-move-horizontal-short\" href=\"https:\/\/sreig.se\/en\/investorlogin\/\" target=\"_self\">\n\t<span class=\"qodef-m-text\">Investor Login<\/span>\n\t\t<span class=\"qodef-m-icon qodef--icon-color-set\">\n\t\t<span class=\"qodef-m-icon-inner\">\n\t\t\t<svg xmlns=\"http:\/\/www.w3.org\/2000\/svg\" viewbox=\"0 0 100.73 100.73\"><defs><style>.cls-1{fill:#29332c;}.cls-2,.cls-3{fill:#fff;}.cls-3{font-size:16.21px;font-family:ArialMT, Arial;letter-spacing:0.15em;}<\/style><\/defs><g id=\"Layer_2\" data-name=\"Layer 2\"><g id=\"Layer_1-2\" data-name=\"Layer 1\"><rect class=\"cls-1\" width=\"100.73\" height=\"100.73\"\/><path class=\"cls-2\" d=\"M71.3,45.71q-4.23-2.13-19.84-2.59c-8.87-.27-14.2-.8-16-1.56s-2.56-2.63-2.68-5.73c-.23-8.9,6.79-7.58,10.63-7.58,6.39,0,11.59.08,18.46.41,5.51.27,4.95,7.17,4.95,7.17h7.49l.13-11.53a.85.85,0,0,0-.49-.77L50.07,12.92a.81.81,0,0,0-.74,0L39.7,17.47a.24.24,0,0,1-.35-.22V15.4H28.58v6.85c0,.54.06.53-.41.73l-2.54.8c-.26.16-.29.44-.29.75l.24,11.3h0c0,7.17,5.66,11.16,17,11.68l7.44.25,7.82.26q6.46.25,8.49,1.58c1.35.89,2,2.66,2,5.33q0,6.16-3,7.59T49.41,64q-11.29,0-14-1.43t-2.74-7.27V54.16H25.15l.05,2q0,7.23,4.77,9.61t19.2,2.39q16.62,0,21.49-2.37t4.87-10.43Q75.53,47.86,71.3,45.71Z\"\/><text class=\"cls-3\" transform=\"translate(26.6 85.16)\">REIG<\/text><\/g><\/g><\/svg>\t\t\t\t\t<\/span>\n\t<\/span>\n<\/a>\n\t\t<\/div>\n\t\t\t\t<\/div>\n\t\t\t\t\t<\/div>\n\t\t<\/div>\n\t\t\t\t<div class=\"elementor-column elementor-col-50 elementor-top-column elementor-element elementor-element-86ebd7f\" data-id=\"86ebd7f\" data-element_type=\"column\">\n\t\t\t<div class=\"elementor-widget-wrap elementor-element-populated\">\n\t\t\t\t\t\t\t\t<div class=\"elementor-element elementor-element-7406ec8 elementor-widget elementor-widget-image\" data-id=\"7406ec8\" data-element_type=\"widget\" data-widget_type=\"image.default\">\n\t\t\t\t<div class=\"elementor-widget-container\">\n\t\t\t\t\t\t\t\t\t\t\t\t\t\t\t<img decoding=\"async\" src=\"https:\/\/sreig.se\/wp-content\/uploads\/elementor\/thumbs\/mauro-sbicego-79C90mDw3CI-unsplash-scaled-pku9c9wqjvtggamlxllhyf7gclztg2lkeiukcp09l4.jpg\" title=\"mauro-sbicego-79C90mDw3CI-unsplash\" alt=\"mauro-sbicego-79C90mDw3CI-unsplash\" \/>\t\t\t\t\t\t\t\t\t\t\t\t\t\t\t<\/div>\n\t\t\t\t<\/div>\n\t\t\t\t\t<\/div>\n\t\t<\/div>\n\t\t\t\t\t\t\t<\/div>\n\t\t<\/section>\n\t\t\t\t\t\t\t<\/div>","protected":false},"excerpt":{"rendered":"<p>V\u00e5ra Fonder Kapitalanskaffning Strategi och inledande arbeten med bolagets fonder p\u00e5b\u00f6rjades v\u00e5ren 2025. Ambitionen \u00e4r att under 2026 resa kapital f\u00f6r SREIG I, en fond med fokus p\u00e5 bost\u00e4der. Samtidigt p\u00e5b\u00f6rjas arbeten med att resa SREIG II, en v\u00e4sentligt tyngre fond med fokus p\u00e5 samh\u00e4llsfastigheter. Fondernas planerade inriktning presenteras i korthet nedan. SREIG I Fokuserar &hellip;<\/p>\n<p class=\"read-more\"> <a class=\"\" href=\"https:\/\/sreig.se\/en\/vara-fonder\/\"> <span class=\"screen-reader-text\">Our funds<\/span> Read More &raquo;<\/a><\/p>","protected":false},"author":1,"featured_media":0,"parent":0,"menu_order":0,"comment_status":"closed","ping_status":"closed","template":"","meta":{"site-sidebar-layout":"no-sidebar","site-content-layout":"page-builder","ast-global-header-display":"","ast-main-header-display":"","ast-hfb-above-header-display":"","ast-hfb-below-header-display":"","ast-hfb-mobile-header-display":"","site-post-title":"disabled","ast-breadcrumbs-content":"","ast-featured-img":"disabled","footer-sml-layout":"","theme-transparent-header-meta":"","adv-header-id-meta":"","stick-header-meta":"","header-above-stick-meta":"","header-main-stick-meta":"","header-below-stick-meta":"","footnotes":""},"class_list":["post-2398","page","type-page","status-publish","hentry"],"_links":{"self":[{"href":"https:\/\/sreig.se\/en\/wp-json\/wp\/v2\/pages\/2398","targetHints":{"allow":["GET"]}}],"collection":[{"href":"https:\/\/sreig.se\/en\/wp-json\/wp\/v2\/pages"}],"about":[{"href":"https:\/\/sreig.se\/en\/wp-json\/wp\/v2\/types\/page"}],"author":[{"embeddable":true,"href":"https:\/\/sreig.se\/en\/wp-json\/wp\/v2\/users\/1"}],"replies":[{"embeddable":true,"href":"https:\/\/sreig.se\/en\/wp-json\/wp\/v2\/comments?post=2398"}],"version-history":[{"count":46,"href":"https:\/\/sreig.se\/en\/wp-json\/wp\/v2\/pages\/2398\/revisions"}],"predecessor-version":[{"id":4005,"href":"https:\/\/sreig.se\/en\/wp-json\/wp\/v2\/pages\/2398\/revisions\/4005"}],"wp:attachment":[{"href":"https:\/\/sreig.se\/en\/wp-json\/wp\/v2\/media?parent=2398"}],"curies":[{"name":"wp","href":"https:\/\/api.w.org\/{rel}","templated":true}]}}