{"id":2392,"date":"2022-03-02T15:28:00","date_gmt":"2022-03-02T15:28:00","guid":{"rendered":"https:\/\/sreig.se\/?page_id=2392"},"modified":"2022-09-01T08:07:49","modified_gmt":"2022-09-01T08:07:49","slug":"contact","status":"publish","type":"page","link":"https:\/\/sreig.se\/en\/contact\/","title":{"rendered":"Contact"},"content":{"rendered":"<div data-elementor-type=\"wp-page\" data-elementor-id=\"2392\" class=\"elementor elementor-2392\">\n\t\t\t\t\t\t\t\t\t<section class=\"elementor-section elementor-top-section elementor-element elementor-element-1fed177 elementor-section-boxed elementor-section-height-default elementor-section-height-default\" data-id=\"1fed177\" data-element_type=\"section\" data-settings=\"{&quot;background_background&quot;:&quot;video&quot;,&quot;background_video_link&quot;:&quot;https:\\\/\\\/sreig.se\\\/wp-content\\\/uploads\\\/2022\\\/03\\\/production-ID_4210523.mp4&quot;,&quot;background_play_on_mobile&quot;:&quot;yes&quot;}\">\n\t\t\t\t\t\t\t\t<div class=\"elementor-background-video-container\">\n\t\t\t\t\t\t\t\t\t\t\t\t\t<video class=\"elementor-background-video-hosted elementor-html5-video\" autoplay muted playsinline loop><\/video>\n\t\t\t\t\t\t\t\t\t\t\t<\/div>\n\t\t\t\t\t\t\t\t\t<div class=\"elementor-background-overlay\"><\/div>\n\t\t\t\t\t\t\t<div class=\"elementor-container elementor-column-gap-default\">\n\t\t\t\t\t<div class=\"elementor-column elementor-col-100 elementor-top-column elementor-element elementor-element-337dd10\" data-id=\"337dd10\" data-element_type=\"column\">\n\t\t\t<div class=\"elementor-widget-wrap elementor-element-populated\">\n\t\t\t\t\t\t\t\t<section class=\"elementor-section elementor-inner-section elementor-element elementor-element-5b6108a elementor-section-boxed elementor-section-height-default elementor-section-height-default\" data-id=\"5b6108a\" data-element_type=\"section\">\n\t\t\t\t\t\t<div class=\"elementor-container elementor-column-gap-default\">\n\t\t\t\t\t<div class=\"elementor-column elementor-col-50 elementor-inner-column elementor-element elementor-element-53ea53e\" data-id=\"53ea53e\" data-element_type=\"column\">\n\t\t\t<div class=\"elementor-widget-wrap elementor-element-populated\">\n\t\t\t\t\t\t\t\t<div class=\"elementor-element elementor-element-0e9591c elementor-widget elementor-widget-heading\" data-id=\"0e9591c\" data-element_type=\"widget\" data-widget_type=\"heading.default\">\n\t\t\t\t<div class=\"elementor-widget-container\">\n\t\t\t<style>\/*! elementor - v3.8.0 - 30-10-2022 *\/\n.elementor-heading-title{padding:0;margin:0;line-height:1}.elementor-widget-heading .elementor-heading-title[class*=elementor-size-]>a{color:inherit;font-size:inherit;line-height:inherit}.elementor-widget-heading .elementor-heading-title.elementor-size-small{font-size:15px}.elementor-widget-heading .elementor-heading-title.elementor-size-medium{font-size:19px}.elementor-widget-heading .elementor-heading-title.elementor-size-large{font-size:29px}.elementor-widget-heading .elementor-heading-title.elementor-size-xl{font-size:39px}.elementor-widget-heading .elementor-heading-title.elementor-size-xxl{font-size:59px}<\/style><h1 class=\"elementor-heading-title elementor-size-default\">Contact<\/h1>\t\t<\/div>\n\t\t\t\t<\/div>\n\t\t\t\t\t<\/div>\n\t\t<\/div>\n\t\t\t\t<div class=\"elementor-column elementor-col-50 elementor-inner-column elementor-element elementor-element-4c22168\" data-id=\"4c22168\" data-element_type=\"column\">\n\t\t\t<div class=\"elementor-widget-wrap\">\n\t\t\t\t\t\t\t\t\t<\/div>\n\t\t<\/div>\n\t\t\t\t\t\t\t<\/div>\n\t\t<\/section>\n\t\t\t\t\t<\/div>\n\t\t<\/div>\n\t\t\t\t\t\t\t<\/div>\n\t\t<\/section>\n\t\t\t\t<section class=\"elementor-section elementor-top-section elementor-element elementor-element-f28cfed elementor-section-boxed elementor-section-height-default elementor-section-height-default\" data-id=\"f28cfed\" data-element_type=\"section\">\n\t\t\t\t\t\t<div class=\"elementor-container elementor-column-gap-default\">\n\t\t\t\t\t<div class=\"elementor-column elementor-col-33 elementor-top-column elementor-element elementor-element-0827a26\" data-id=\"0827a26\" data-element_type=\"column\">\n\t\t\t<div class=\"elementor-widget-wrap elementor-element-populated\">\n\t\t\t\t\t\t\t\t<div class=\"elementor-element elementor-element-2758723 elementor-widget elementor-widget-text-editor\" data-id=\"2758723\" data-element_type=\"widget\" data-widget_type=\"text-editor.default\">\n\t\t\t\t<div class=\"elementor-widget-container\">\n\t\t\t<style>\/*! elementor - v3.8.0 - 30-10-2022 *\/\n.elementor-widget-text-editor.elementor-drop-cap-view-stacked .elementor-drop-cap{background-color:#818a91;color:#fff}.elementor-widget-text-editor.elementor-drop-cap-view-framed .elementor-drop-cap{color:#818a91;border:3px solid;background-color:transparent}.elementor-widget-text-editor:not(.elementor-drop-cap-view-default) .elementor-drop-cap{margin-top:8px}.elementor-widget-text-editor:not(.elementor-drop-cap-view-default) .elementor-drop-cap-letter{width:1em;height:1em}.elementor-widget-text-editor .elementor-drop-cap{float:left;text-align:center;line-height:1;font-size:50px}.elementor-widget-text-editor .elementor-drop-cap-letter{display:inline-block}<\/style>\t\t\t\t<p><strong>JC Norlander<br \/><\/strong><em>CEO\/Business development<br \/><\/em>+4672-503 60 37<br \/>jc.norlander@sreig.se<br \/><strong><a href=\"https:\/\/sreig.se\/en\/our-team\/#JC#JC\">[Read more]<\/a><\/strong><em><br \/><\/em><\/p>\t\t\t\t\t\t<\/div>\n\t\t\t\t<\/div>\n\t\t\t\t<div class=\"elementor-element elementor-element-2c3b793 elementor-widget elementor-widget-text-editor\" data-id=\"2c3b793\" data-element_type=\"widget\" data-widget_type=\"text-editor.default\">\n\t\t\t\t<div class=\"elementor-widget-container\">\n\t\t\t\t\t\t\t<p><span style=\"background-color: var(--ast-global-color-4);\"><b>Joakim Nordlander<br \/><\/b><\/span>Sustainability\/Project management<br \/>+4672-450 97 70<br \/>joakim.nordlander@sreig.se<br \/><strong><a href=\"https:\/\/sreig.se\/en\/our-team\/#Joakim#Joakim\">[Read more]<\/a><\/strong><\/p>\t\t\t\t\t\t<\/div>\n\t\t\t\t<\/div>\n\t\t\t\t\t<\/div>\n\t\t<\/div>\n\t\t\t\t<div class=\"elementor-column elementor-col-33 elementor-top-column elementor-element elementor-element-8c051ac\" data-id=\"8c051ac\" data-element_type=\"column\">\n\t\t\t<div class=\"elementor-widget-wrap elementor-element-populated\">\n\t\t\t\t\t\t\t\t<div class=\"elementor-element elementor-element-3ac6e4e elementor-widget elementor-widget-text-editor\" data-id=\"3ac6e4e\" data-element_type=\"widget\" data-widget_type=\"text-editor.default\">\n\t\t\t\t<div class=\"elementor-widget-container\">\n\t\t\t\t\t\t\t<p><strong>Gustav Hanstad<br \/><\/strong><em>Property management\/Transactions<br \/><\/em>+4672-304 60 02<br \/><em>gustav.hanstad@sreig.se<br \/><\/em><strong><a href=\"https:\/\/sreig.se\/en\/our-team\/#Gustav#Gustav\">[Read more]<\/a><\/strong><em><br \/><\/em><\/p>\t\t\t\t\t\t<\/div>\n\t\t\t\t<\/div>\n\t\t\t\t<div class=\"elementor-element elementor-element-e68ce4a elementor-widget elementor-widget-text-editor\" data-id=\"e68ce4a\" data-element_type=\"widget\" data-widget_type=\"text-editor.default\">\n\t\t\t\t<div class=\"elementor-widget-container\">\n\t\t\t\t\t\t\t<p><span style=\"background-color: var(--ast-global-color-4);\"><b>Klas Onegard<br \/><\/b><\/span><em>Project management<br \/><\/em>+4670-626 43 06<br \/>klas.onegard@sreig.se<br \/><strong><a href=\"https:\/\/sreig.se\/en\/our-team\/#Klas#Klas\">[Read more]<\/a><\/strong><\/p>\t\t\t\t\t\t<\/div>\n\t\t\t\t<\/div>\n\t\t\t\t\t<\/div>\n\t\t<\/div>\n\t\t\t\t<div class=\"elementor-column elementor-col-33 elementor-top-column elementor-element elementor-element-77beee3\" data-id=\"77beee3\" data-element_type=\"column\">\n\t\t\t<div class=\"elementor-widget-wrap elementor-element-populated\">\n\t\t\t\t\t\t\t\t<div class=\"elementor-element elementor-element-84a2a7c elementor-widget elementor-widget-text-editor\" data-id=\"84a2a7c\" data-element_type=\"widget\" data-widget_type=\"text-editor.default\">\n\t\t\t\t<div class=\"elementor-widget-container\">\n\t\t\t\t\t\t\t<p><strong>Mikael Eriksson<br \/><\/strong><em>Project development\/Transactions<br \/><\/em>+4670-589 26 41<br \/>mikael.eriksson@sreig.se<br \/><strong><a href=\"https:\/\/sreig.se\/en\/our-team\/#Mikael#Mikael\">[Read more]<\/a><\/strong><\/p>\t\t\t\t\t\t<\/div>\n\t\t\t\t<\/div>\n\t\t\t\t<div class=\"elementor-element elementor-element-e76eb42 elementor-widget elementor-widget-text-editor\" data-id=\"e76eb42\" data-element_type=\"widget\" data-widget_type=\"text-editor.default\">\n\t\t\t\t<div class=\"elementor-widget-container\">\n\t\t\t\t\t\t\t<p><span style=\"background-color: var(--ast-global-color-4);\"><b>Mats \u00c5leskog<br \/><\/b><\/span><em>Legal &amp; Compliance\/Transactions<br \/><\/em>+4670-818 39 64<br \/>mats.aleskog@sreig.se<br \/><strong><a href=\"https:\/\/sreig.se\/en\/our-team\/#Mats#Mats\">[Read more]<\/a><\/strong><\/p>\t\t\t\t\t\t<\/div>\n\t\t\t\t<\/div>\n\t\t\t\t\t<\/div>\n\t\t<\/div>\n\t\t\t\t\t\t\t<\/div>\n\t\t<\/section>\n\t\t\t\t\t\t\t<\/div>","protected":false},"excerpt":{"rendered":"<p>Kontakt JC NorlanderVD\/Aff\u00e4rsutveckling+4672-503 60 37jc.norlander@sreig.se[l\u00e4s mer] Joakim NordlanderH\u00e5llbarhet\/Projektledning+4672-450 97 70joakim.nordlander@sreig.se[l\u00e4s mer] Gustav HanstadF\u00f6rvaltning\/Transaktioner+4672-304 60 02gustav.hanstad@sreig.se[l\u00e4s mer] Klas OnegardMyndigheter\/Projektledning+4670-626 43 06klas.onegard@sreig.se[l\u00e4s mer] Mikael ErikssonProjektutveckling\/Transaktioner+4670-589 26 41mikael.eriksson@sreig.se[l\u00e4s mer] Mats \u00c5leskogBolagsjurist\/Transaktioner+4670-818 39 64mats.aleskog@sreig.se[l\u00e4s mer]<\/p>","protected":false},"author":1,"featured_media":0,"parent":0,"menu_order":0,"comment_status":"closed","ping_status":"closed","template":"","meta":{"site-sidebar-layout":"no-sidebar","site-content-layout":"page-builder","ast-global-header-display":"","ast-main-header-display":"","ast-hfb-above-header-display":"","ast-hfb-below-header-display":"","ast-hfb-mobile-header-display":"","site-post-title":"disabled","ast-breadcrumbs-content":"","ast-featured-img":"disabled","footer-sml-layout":"","theme-transparent-header-meta":"","adv-header-id-meta":"","stick-header-meta":"","header-above-stick-meta":"","header-main-stick-meta":"","header-below-stick-meta":"","footnotes":""},"class_list":["post-2392","page","type-page","status-publish","hentry"],"_links":{"self":[{"href":"https:\/\/sreig.se\/en\/wp-json\/wp\/v2\/pages\/2392","targetHints":{"allow":["GET"]}}],"collection":[{"href":"https:\/\/sreig.se\/en\/wp-json\/wp\/v2\/pages"}],"about":[{"href":"https:\/\/sreig.se\/en\/wp-json\/wp\/v2\/types\/page"}],"author":[{"embeddable":true,"href":"https:\/\/sreig.se\/en\/wp-json\/wp\/v2\/users\/1"}],"replies":[{"embeddable":true,"href":"https:\/\/sreig.se\/en\/wp-json\/wp\/v2\/comments?post=2392"}],"version-history":[{"count":126,"href":"https:\/\/sreig.se\/en\/wp-json\/wp\/v2\/pages\/2392\/revisions"}],"predecessor-version":[{"id":3969,"href":"https:\/\/sreig.se\/en\/wp-json\/wp\/v2\/pages\/2392\/revisions\/3969"}],"wp:attachment":[{"href":"https:\/\/sreig.se\/en\/wp-json\/wp\/v2\/media?parent=2392"}],"curies":[{"name":"wp","href":"https:\/\/api.w.org\/{rel}","templated":true}]}}