{"id":1616,"date":"2022-02-21T11:12:07","date_gmt":"2022-02-21T11:12:07","guid":{"rendered":"https:\/\/sreig.se\/?page_id=1616"},"modified":"2022-04-01T13:10:22","modified_gmt":"2022-04-01T13:10:22","slug":"segment","status":"publish","type":"page","link":"https:\/\/sreig.se\/en\/segment\/","title":{"rendered":"Segments"},"content":{"rendered":"<div data-elementor-type=\"wp-page\" data-elementor-id=\"1616\" class=\"elementor elementor-1616\">\n\t\t\t\t\t\t\t\t\t<section class=\"elementor-section elementor-top-section elementor-element elementor-element-0bbe58b elementor-section-boxed elementor-section-height-default elementor-section-height-default\" data-id=\"0bbe58b\" data-element_type=\"section\" data-settings=\"{&quot;background_background&quot;:&quot;classic&quot;}\">\n\t\t\t\t\t\t\t<div class=\"elementor-background-overlay\"><\/div>\n\t\t\t\t\t\t\t<div class=\"elementor-container elementor-column-gap-default\">\n\t\t\t\t\t<div class=\"elementor-column elementor-col-100 elementor-top-column elementor-element elementor-element-77c3ec1\" data-id=\"77c3ec1\" data-element_type=\"column\">\n\t\t\t<div class=\"elementor-widget-wrap elementor-element-populated\">\n\t\t\t\t\t\t\t\t<section class=\"elementor-section elementor-inner-section elementor-element elementor-element-df3a3d6 elementor-section-boxed elementor-section-height-default elementor-section-height-default\" data-id=\"df3a3d6\" data-element_type=\"section\">\n\t\t\t\t\t\t<div class=\"elementor-container elementor-column-gap-default\">\n\t\t\t\t\t<div class=\"elementor-column elementor-col-50 elementor-inner-column elementor-element elementor-element-d87a9cb\" data-id=\"d87a9cb\" data-element_type=\"column\">\n\t\t\t<div class=\"elementor-widget-wrap elementor-element-populated\">\n\t\t\t\t\t\t\t\t<div class=\"elementor-element elementor-element-34122d0 elementor-widget elementor-widget-heading\" data-id=\"34122d0\" data-element_type=\"widget\" data-widget_type=\"heading.default\">\n\t\t\t\t<div class=\"elementor-widget-container\">\n\t\t\t<style>\/*! elementor - v3.8.0 - 30-10-2022 *\/\n.elementor-heading-title{padding:0;margin:0;line-height:1}.elementor-widget-heading .elementor-heading-title[class*=elementor-size-]>a{color:inherit;font-size:inherit;line-height:inherit}.elementor-widget-heading .elementor-heading-title.elementor-size-small{font-size:15px}.elementor-widget-heading .elementor-heading-title.elementor-size-medium{font-size:19px}.elementor-widget-heading .elementor-heading-title.elementor-size-large{font-size:29px}.elementor-widget-heading .elementor-heading-title.elementor-size-xl{font-size:39px}.elementor-widget-heading .elementor-heading-title.elementor-size-xxl{font-size:59px}<\/style><h1 class=\"elementor-heading-title elementor-size-default\">Four important segments<\/h1>\t\t<\/div>\n\t\t\t\t<\/div>\n\t\t\t\t\t<\/div>\n\t\t<\/div>\n\t\t\t\t<div class=\"elementor-column elementor-col-50 elementor-inner-column elementor-element elementor-element-39d9667\" data-id=\"39d9667\" data-element_type=\"column\">\n\t\t\t<div class=\"elementor-widget-wrap\">\n\t\t\t\t\t\t\t\t\t<\/div>\n\t\t<\/div>\n\t\t\t\t\t\t\t<\/div>\n\t\t<\/section>\n\t\t\t\t\t<\/div>\n\t\t<\/div>\n\t\t\t\t\t\t\t<\/div>\n\t\t<\/section>\n\t\t\t\t<section class=\"elementor-section elementor-top-section elementor-element elementor-element-353cf66 elementor-section-boxed elementor-section-height-default elementor-section-height-default\" data-id=\"353cf66\" data-element_type=\"section\">\n\t\t\t\t\t\t<div class=\"elementor-container elementor-column-gap-default\">\n\t\t\t\t\t<div class=\"elementor-column elementor-col-100 elementor-top-column elementor-element elementor-element-e78f52c\" data-id=\"e78f52c\" data-element_type=\"column\">\n\t\t\t<div class=\"elementor-widget-wrap elementor-element-populated\">\n\t\t\t\t\t\t\t\t<div class=\"elementor-element elementor-element-ec3c356 elementor-widget elementor-widget-heading\" data-id=\"ec3c356\" data-element_type=\"widget\" data-widget_type=\"heading.default\">\n\t\t\t\t<div class=\"elementor-widget-container\">\n\t\t\t<h2 class=\"elementor-heading-title elementor-size-default\">Segments in which the company operates <\/h2>\t\t<\/div>\n\t\t\t\t<\/div>\n\t\t\t\t<div class=\"elementor-element elementor-element-a271515 elementor-widget elementor-widget-text-editor\" data-id=\"a271515\" data-element_type=\"widget\" data-widget_type=\"text-editor.default\">\n\t\t\t\t<div class=\"elementor-widget-container\">\n\t\t\t<style>\/*! elementor - v3.8.0 - 30-10-2022 *\/\n.elementor-widget-text-editor.elementor-drop-cap-view-stacked .elementor-drop-cap{background-color:#818a91;color:#fff}.elementor-widget-text-editor.elementor-drop-cap-view-framed .elementor-drop-cap{color:#818a91;border:3px solid;background-color:transparent}.elementor-widget-text-editor:not(.elementor-drop-cap-view-default) .elementor-drop-cap{margin-top:8px}.elementor-widget-text-editor:not(.elementor-drop-cap-view-default) .elementor-drop-cap-letter{width:1em;height:1em}.elementor-widget-text-editor .elementor-drop-cap{float:left;text-align:center;line-height:1;font-size:50px}.elementor-widget-text-editor .elementor-drop-cap-letter{display:inline-block}<\/style>\t\t\t\t<p class=\" translation-block\">Many larger cities are growing rapidly and face a number of challenges. SREIG meets needs that arise from long-term, structural and demographic trends by creating customer-oriented real estate solutions. We want to solve our customers' needs and at the same time contribute to a more sustainable and vibrant society. We believe in the combination of a commercial offering close to communication and the workplace. Development takes place where people thrive and this requires close cooperation between all stakeholders, both in the private and public sector. Together, we create value for everyone while keeping the climate footprint down. Through this, SREG operates in several sectors:<\/p>\t\t\t\t\t\t<\/div>\n\t\t\t\t<\/div>\n\t\t\t\t\t<\/div>\n\t\t<\/div>\n\t\t\t\t\t\t\t<\/div>\n\t\t<\/section>\n\t\t\t\t<section class=\"elementor-section elementor-top-section elementor-element elementor-element-ce7e08d elementor-reverse-mobile elementor-section-boxed elementor-section-height-default elementor-section-height-default\" data-id=\"ce7e08d\" data-element_type=\"section\" data-settings=\"{&quot;background_background&quot;:&quot;classic&quot;}\">\n\t\t\t\t\t\t<div class=\"elementor-container elementor-column-gap-default\">\n\t\t\t\t\t<div class=\"elementor-column elementor-col-50 elementor-top-column elementor-element elementor-element-b8e191b\" data-id=\"b8e191b\" data-element_type=\"column\">\n\t\t\t<div class=\"elementor-widget-wrap elementor-element-populated\">\n\t\t\t\t\t\t\t\t<div class=\"elementor-element elementor-element-8e70804 elementor-widget elementor-widget-heading\" data-id=\"8e70804\" data-element_type=\"widget\" data-widget_type=\"heading.default\">\n\t\t\t\t<div class=\"elementor-widget-container\">\n\t\t\t<h3 class=\"elementor-heading-title elementor-size-default\">Housing<\/h3>\t\t<\/div>\n\t\t\t\t<\/div>\n\t\t\t\t<div class=\"elementor-element elementor-element-5e58e95 elementor-widget elementor-widget-text-editor\" data-id=\"5e58e95\" data-element_type=\"widget\" data-widget_type=\"text-editor.default\">\n\t\t\t\t<div class=\"elementor-widget-container\">\n\t\t\t\t\t\t\t<p class=\" translation-block\">The need for housing continues to increase and several Nordic cities aim to become carbon neutral. Demand for sustainable properties is high. The company therefore develops quality sustainable housing with a focus on Sweden's larger regions, housing environments that are enriching for residents, customers and society at large. In our homes, people must feel privileged and safe, at the same time as rental levels must be adapted to the country's middle-income earners or to students and pensioners, if applicable. Energy performance must be optimized and materials selected with high quality for a long service life. In the area around our properties, there must be meeting places and areas for social activity. The child perspective must be given special consideration.<\/p><p>\u00a0<\/p>\t\t\t\t\t\t<\/div>\n\t\t\t\t<\/div>\n\t\t\t\t\t<\/div>\n\t\t<\/div>\n\t\t\t\t<div class=\"elementor-column elementor-col-50 elementor-top-column elementor-element elementor-element-cf50547\" data-id=\"cf50547\" data-element_type=\"column\">\n\t\t\t<div class=\"elementor-widget-wrap elementor-element-populated\">\n\t\t\t\t\t\t\t\t<div class=\"elementor-element elementor-element-adeeeb7 elementor-widget elementor-widget-image\" data-id=\"adeeeb7\" data-element_type=\"widget\" data-widget_type=\"image.default\">\n\t\t\t\t<div class=\"elementor-widget-container\">\n\t\t\t<style>\/*! elementor - v3.8.0 - 30-10-2022 *\/\n.elementor-widget-image{text-align:center}.elementor-widget-image a{display:inline-block}.elementor-widget-image a img[src$=\".svg\"]{width:48px}.elementor-widget-image img{vertical-align:middle;display:inline-block}<\/style>\t\t\t\t\t\t\t\t\t\t\t\t<img loading=\"lazy\" decoding=\"async\" width=\"768\" height=\"571\" src=\"https:\/\/sreig.se\/wp-content\/uploads\/2022\/03\/patrick-perkins-3wylDrjxH-E-unsplash-768x571.jpg\" class=\"attachment-medium_large size-medium_large\" alt=\"\" srcset=\"https:\/\/sreig.se\/wp-content\/uploads\/2022\/03\/patrick-perkins-3wylDrjxH-E-unsplash-768x571.jpg 768w, https:\/\/sreig.se\/wp-content\/uploads\/2022\/03\/patrick-perkins-3wylDrjxH-E-unsplash-300x223.jpg 300w, https:\/\/sreig.se\/wp-content\/uploads\/2022\/03\/patrick-perkins-3wylDrjxH-E-unsplash-1024x762.jpg 1024w, https:\/\/sreig.se\/wp-content\/uploads\/2022\/03\/patrick-perkins-3wylDrjxH-E-unsplash-1536x1143.jpg 1536w, https:\/\/sreig.se\/wp-content\/uploads\/2022\/03\/patrick-perkins-3wylDrjxH-E-unsplash-2048x1524.jpg 2048w\" sizes=\"auto, (max-width: 768px) 100vw, 768px\" \/>\t\t\t\t\t\t\t\t\t\t\t\t\t\t\t<\/div>\n\t\t\t\t<\/div>\n\t\t\t\t\t<\/div>\n\t\t<\/div>\n\t\t\t\t\t\t\t<\/div>\n\t\t<\/section>\n\t\t\t\t<section class=\"elementor-section elementor-top-section elementor-element elementor-element-b503cc3 elementor-section-boxed elementor-section-height-default elementor-section-height-default\" data-id=\"b503cc3\" data-element_type=\"section\">\n\t\t\t\t\t\t<div class=\"elementor-container elementor-column-gap-default\">\n\t\t\t\t\t<div class=\"elementor-column elementor-col-50 elementor-top-column elementor-element elementor-element-4bc1e28\" data-id=\"4bc1e28\" data-element_type=\"column\">\n\t\t\t<div class=\"elementor-widget-wrap elementor-element-populated\">\n\t\t\t\t\t\t\t\t<div class=\"elementor-element elementor-element-1c7e2cf elementor-widget elementor-widget-image\" data-id=\"1c7e2cf\" data-element_type=\"widget\" data-widget_type=\"image.default\">\n\t\t\t\t<div class=\"elementor-widget-container\">\n\t\t\t\t\t\t\t\t\t\t\t\t\t\t\t<img loading=\"lazy\" decoding=\"async\" width=\"768\" height=\"576\" src=\"https:\/\/sreig.se\/wp-content\/uploads\/2022\/03\/Fasad--768x576.jpg\" class=\"attachment-medium_large size-medium_large\" alt=\"\" srcset=\"https:\/\/sreig.se\/wp-content\/uploads\/2022\/03\/Fasad--768x576.jpg 768w, https:\/\/sreig.se\/wp-content\/uploads\/2022\/03\/Fasad--300x225.jpg 300w, https:\/\/sreig.se\/wp-content\/uploads\/2022\/03\/Fasad--1024x768.jpg 1024w, https:\/\/sreig.se\/wp-content\/uploads\/2022\/03\/Fasad--1536x1152.jpg 1536w, https:\/\/sreig.se\/wp-content\/uploads\/2022\/03\/Fasad--2048x1536.jpg 2048w\" sizes=\"auto, (max-width: 768px) 100vw, 768px\" \/>\t\t\t\t\t\t\t\t\t\t\t\t\t\t\t<\/div>\n\t\t\t\t<\/div>\n\t\t\t\t\t<\/div>\n\t\t<\/div>\n\t\t\t\t<div class=\"elementor-column elementor-col-50 elementor-top-column elementor-element elementor-element-30bc2d6\" data-id=\"30bc2d6\" data-element_type=\"column\">\n\t\t\t<div class=\"elementor-widget-wrap elementor-element-populated\">\n\t\t\t\t\t\t\t\t<div class=\"elementor-element elementor-element-03ff44f elementor-widget elementor-widget-heading\" data-id=\"03ff44f\" data-element_type=\"widget\" data-widget_type=\"heading.default\">\n\t\t\t\t<div class=\"elementor-widget-container\">\n\t\t\t<h3 class=\"elementor-heading-title elementor-size-default\">Community properties<\/h3>\t\t<\/div>\n\t\t\t\t<\/div>\n\t\t\t\t<div class=\"elementor-element elementor-element-2bcb585 elementor-widget elementor-widget-text-editor\" data-id=\"2bcb585\" data-element_type=\"widget\" data-widget_type=\"text-editor.default\">\n\t\t\t\t<div class=\"elementor-widget-container\">\n\t\t\t\t\t\t\t<p><span data-contrast=\"auto\">A growing population has led to an increasing need for community properties in Sweden. Going forward, the number of people over the age of 80 in particular is expected to grow sharply, and already now almost half of the Swedish municipalities report a shortage of elderly housing. In combination with an already aging property portfolio, the need for community properties is obvious.\u00a0<\/span><span data-ccp-props=\"{\">\u00a0<\/span><\/p><p><span data-contrast=\"auto\">We within the company have extensive experience of community properties and work closely with municipalities, county councils and private actors in both the development and management of community properties. Our primary focus is on sports, schools and care facilities. Regardless of the type of property, our starting point is to meet the needs and exceed the expectations of those who will live and work or otherwise stay on the premises. The environments must be designed to promote well-being and peace and with a high standard of welfare technology.<\/span><span data-ccp-props=\"{\">\u00a0<\/span><\/p>\t\t\t\t\t\t<\/div>\n\t\t\t\t<\/div>\n\t\t\t\t\t<\/div>\n\t\t<\/div>\n\t\t\t\t\t\t\t<\/div>\n\t\t<\/section>\n\t\t\t\t<section class=\"elementor-section elementor-top-section elementor-element elementor-element-ff8ac30 elementor-reverse-mobile elementor-section-boxed elementor-section-height-default elementor-section-height-default\" data-id=\"ff8ac30\" data-element_type=\"section\" data-settings=\"{&quot;background_background&quot;:&quot;classic&quot;}\">\n\t\t\t\t\t\t<div class=\"elementor-container elementor-column-gap-default\">\n\t\t\t\t\t<div class=\"elementor-column elementor-col-50 elementor-top-column elementor-element elementor-element-c31de4f\" data-id=\"c31de4f\" data-element_type=\"column\">\n\t\t\t<div class=\"elementor-widget-wrap elementor-element-populated\">\n\t\t\t\t\t\t\t\t<div class=\"elementor-element elementor-element-53d60ca elementor-widget elementor-widget-heading\" data-id=\"53d60ca\" data-element_type=\"widget\" data-widget_type=\"heading.default\">\n\t\t\t\t<div class=\"elementor-widget-container\">\n\t\t\t<h3 class=\"elementor-heading-title elementor-size-default\">Industry and energy <\/h3>\t\t<\/div>\n\t\t\t\t<\/div>\n\t\t\t\t<div class=\"elementor-element elementor-element-4fcc76a elementor-widget elementor-widget-text-editor\" data-id=\"4fcc76a\" data-element_type=\"widget\" data-widget_type=\"text-editor.default\">\n\t\t\t\t<div class=\"elementor-widget-container\">\n\t\t\t\t\t\t\t<p class=\" translation-block\">A global cross-border commitment to achieving fossil-free energy use has accelerated the development of renewable energy sources also in our part of the world, leading to the need for major investments. As the awareness of the population increases, the development will go even faster. SREIG has the expertise to run major energy development projects and wants to contribute to the development of renewable alternatives through investments.<\/p>\t\t\t\t\t\t<\/div>\n\t\t\t\t<\/div>\n\t\t\t\t\t<\/div>\n\t\t<\/div>\n\t\t\t\t<div class=\"elementor-column elementor-col-50 elementor-top-column elementor-element elementor-element-396d06c\" data-id=\"396d06c\" data-element_type=\"column\">\n\t\t\t<div class=\"elementor-widget-wrap elementor-element-populated\">\n\t\t\t\t\t\t\t\t<div class=\"elementor-element elementor-element-fa1f2e0 elementor-widget elementor-widget-image\" data-id=\"fa1f2e0\" data-element_type=\"widget\" data-widget_type=\"image.default\">\n\t\t\t\t<div class=\"elementor-widget-container\">\n\t\t\t\t\t\t\t\t\t\t\t\t\t\t\t<img loading=\"lazy\" decoding=\"async\" width=\"768\" height=\"489\" src=\"https:\/\/sreig.se\/wp-content\/uploads\/2022\/03\/Flaktrum2-768x489.jpg\" class=\"attachment-medium_large size-medium_large\" alt=\"\" srcset=\"https:\/\/sreig.se\/wp-content\/uploads\/2022\/03\/Flaktrum2-768x489.jpg 768w, https:\/\/sreig.se\/wp-content\/uploads\/2022\/03\/Flaktrum2-300x191.jpg 300w, https:\/\/sreig.se\/wp-content\/uploads\/2022\/03\/Flaktrum2-1024x652.jpg 1024w, https:\/\/sreig.se\/wp-content\/uploads\/2022\/03\/Flaktrum2-1536x979.jpg 1536w, https:\/\/sreig.se\/wp-content\/uploads\/2022\/03\/Flaktrum2-18x12.jpg 18w, https:\/\/sreig.se\/wp-content\/uploads\/2022\/03\/Flaktrum2.jpg 1992w\" sizes=\"auto, (max-width: 768px) 100vw, 768px\" \/>\t\t\t\t\t\t\t\t\t\t\t\t\t\t\t<\/div>\n\t\t\t\t<\/div>\n\t\t\t\t\t<\/div>\n\t\t<\/div>\n\t\t\t\t\t\t\t<\/div>\n\t\t<\/section>\n\t\t\t\t<section class=\"elementor-section elementor-top-section elementor-element elementor-element-e93220d elementor-section-boxed elementor-section-height-default elementor-section-height-default\" data-id=\"e93220d\" data-element_type=\"section\">\n\t\t\t\t\t\t<div class=\"elementor-container elementor-column-gap-default\">\n\t\t\t\t\t<div class=\"elementor-column elementor-col-50 elementor-top-column elementor-element elementor-element-dab5b7b\" data-id=\"dab5b7b\" data-element_type=\"column\">\n\t\t\t<div class=\"elementor-widget-wrap elementor-element-populated\">\n\t\t\t\t\t\t\t\t<div class=\"elementor-element elementor-element-421d18d elementor-widget elementor-widget-image\" data-id=\"421d18d\" data-element_type=\"widget\" data-widget_type=\"image.default\">\n\t\t\t\t<div class=\"elementor-widget-container\">\n\t\t\t\t\t\t\t\t\t\t\t\t\t\t\t<img decoding=\"async\" src=\"https:\/\/sreig.se\/wp-content\/uploads\/elementor\/thumbs\/pexels-marc-mueller-380768-scaled-plbb71w5ndd1zrkv9cd9s9lb8fhfls8hrtvpvmei74.jpg\" title=\"pexels-marc-mueller-380768\" alt=\"pexels-marc-mueller-380768\" \/>\t\t\t\t\t\t\t\t\t\t\t\t\t\t\t<\/div>\n\t\t\t\t<\/div>\n\t\t\t\t\t<\/div>\n\t\t<\/div>\n\t\t\t\t<div class=\"elementor-column elementor-col-50 elementor-top-column elementor-element elementor-element-d4aed7e\" data-id=\"d4aed7e\" data-element_type=\"column\">\n\t\t\t<div class=\"elementor-widget-wrap elementor-element-populated\">\n\t\t\t\t\t\t\t\t<div class=\"elementor-element elementor-element-a161c6f elementor-widget elementor-widget-heading\" data-id=\"a161c6f\" data-element_type=\"widget\" data-widget_type=\"heading.default\">\n\t\t\t\t<div class=\"elementor-widget-container\">\n\t\t\t<h3 class=\"elementor-heading-title elementor-size-default\">Office<\/h3>\t\t<\/div>\n\t\t\t\t<\/div>\n\t\t\t\t<div class=\"elementor-element elementor-element-31629f9 elementor-widget elementor-widget-text-editor\" data-id=\"31629f9\" data-element_type=\"widget\" data-widget_type=\"text-editor.default\">\n\t\t\t\t<div class=\"elementor-widget-container\">\n\t\t\t\t\t\t\t<p class=\" translation-block\">For our office properties, flexibility is a key factor. The company chooses building systems that can easily transform office solutions for differentiated needs. In conveniently located office properties, we not only create efficient workspaces, but focus on developing full-service solutions. Common areas are designed here, such as reception, lunch rooms and WC groups in close proximity to printer rooms and meeting rooms. In the immediate vicinity there are also caf\u00e9s and modern accommodation. To support companies in constant development, we have flexible solutions to quickly scale up or down activity as needed. We also strive to build in flexible technical solutions that are easily adapted to changing customer needs.<\/p>\t\t\t\t\t\t<\/div>\n\t\t\t\t<\/div>\n\t\t\t\t\t<\/div>\n\t\t<\/div>\n\t\t\t\t\t\t\t<\/div>\n\t\t<\/section>\n\t\t\t\t\t\t\t<\/div>","protected":false},"excerpt":{"rendered":"<p>Fyra viktiga segment Segment inom vilka bolaget verkar M\u00e5nga st\u00f6rre st\u00e4der v\u00e4xer snabbt och st\u00e5r inf\u00f6r ett flertal utmaningar. SREIG m\u00f6ter behov som uppst\u00e5r fr\u00e5n l\u00e5ngsiktiga, strukturella och demografiska trender genom att skapa kundorienterade fastighetsl\u00f6sningar. Vi vill l\u00f6sa v\u00e5ra kunders behov och samtidigt bidra till ett mer h\u00e5llbart och levande samh\u00e4lle. Vi tror p\u00e5 kombinationen &hellip;<\/p>\n<p class=\"read-more\"> <a class=\"\" href=\"https:\/\/sreig.se\/en\/segment\/\"> <span class=\"screen-reader-text\">Segments<\/span> Read More &raquo;<\/a><\/p>","protected":false},"author":1,"featured_media":0,"parent":0,"menu_order":0,"comment_status":"closed","ping_status":"closed","template":"","meta":{"site-sidebar-layout":"no-sidebar","site-content-layout":"page-builder","ast-global-header-display":"","ast-main-header-display":"","ast-hfb-above-header-display":"","ast-hfb-below-header-display":"","ast-hfb-mobile-header-display":"","site-post-title":"disabled","ast-breadcrumbs-content":"","ast-featured-img":"disabled","footer-sml-layout":"","theme-transparent-header-meta":"enabled","adv-header-id-meta":"","stick-header-meta":"","header-above-stick-meta":"","header-main-stick-meta":"","header-below-stick-meta":"","footnotes":""},"class_list":["post-1616","page","type-page","status-publish","hentry"],"_links":{"self":[{"href":"https:\/\/sreig.se\/en\/wp-json\/wp\/v2\/pages\/1616","targetHints":{"allow":["GET"]}}],"collection":[{"href":"https:\/\/sreig.se\/en\/wp-json\/wp\/v2\/pages"}],"about":[{"href":"https:\/\/sreig.se\/en\/wp-json\/wp\/v2\/types\/page"}],"author":[{"embeddable":true,"href":"https:\/\/sreig.se\/en\/wp-json\/wp\/v2\/users\/1"}],"replies":[{"embeddable":true,"href":"https:\/\/sreig.se\/en\/wp-json\/wp\/v2\/comments?post=1616"}],"version-history":[{"count":77,"href":"https:\/\/sreig.se\/en\/wp-json\/wp\/v2\/pages\/1616\/revisions"}],"predecessor-version":[{"id":3623,"href":"https:\/\/sreig.se\/en\/wp-json\/wp\/v2\/pages\/1616\/revisions\/3623"}],"wp:attachment":[{"href":"https:\/\/sreig.se\/en\/wp-json\/wp\/v2\/media?parent=1616"}],"curies":[{"name":"wp","href":"https:\/\/api.w.org\/{rel}","templated":true}]}}